{"id":18794,"date":"2023-07-19T12:39:09","date_gmt":"2023-07-19T12:39:09","guid":{"rendered":"https:\/\/imqprevencion.es\/?page_id=18794"},"modified":"2023-07-20T09:47:34","modified_gmt":"2023-07-20T09:47:34","slug":"informaziorako-barne-kanala","status":"publish","type":"page","link":"https:\/\/imqprevencion.es\/eu\/informaziorako-barne-kanala\/","title":{"rendered":"Informaziorako barne-kanala"},"content":{"rendered":"<p>[vc_row padding_bottom_multiplier=&#8221;&#8221;][vc_column]<h1 class=\"grve-element grve-title grve-align-inherit grve-h1\"><span>Informaziorako barne-kanala<\/span><\/h1>[\/vc_column][\/vc_row][vc_row][vc_column grve_css=&#8221;{&#8220;desktop&#8220;:{&#8220;padding-right&#8220;:&#8220;20%&#8220;,&#8220;class&#8220;:&#8220;grve-wpb-1689757658007&#8220;},&#8220;tablet_landscape&#8220;:{&#8220;padding-right&#8220;:&#8220;0&#8220;},&#8220;tablet_portrait&#8220;:{&#8220;padding-right&#8220;:&#8220;0&#8220;},&#8220;mobile_landscape&#8220;:{&#8220;padding-right&#8220;:&#8220;0&#8220;}}&#8221;][vc_column_text]Igualatorio M\u00e9dico Quir\u00fargico Prevenci\u00f3n-ek informaziorako barne-kanal bat ematen du laneko edo lanbideko testuinguru batean ezagututako edozein ekintza edo ez-egite jakinarazteko, baldin eta Kode Etikoak ezarritako jokabide profesionalaren printzipio orokorrak urratzen baditu, Europar Batasuneko Zuzenbidearen esparruan arau-haustea izan badaiteke, arau-hauste penala izan badaiteke edo arau-hauste administratibo larria edo oso larria izan badaiteke.<\/p>\n<p>Igualatorio M\u00e9dico Quir\u00fargico Prevenci\u00f3n-en barneko informazio-sistemaren politikak informazioaren eta salatzailearen nortasunaren konfidentzialtasuna bermatzen du, edo anonimotasuna, informatzaileak hala nahi duen kasuetan, informazio espezifikoa tratatzeko ageriko egokitasuna ez duten datu pertsonalak biltzen ez baditu. Gainera, politikak berariaz debekatzen du fede oneko informatzaileen aurkako edozein errepresalia.<\/p>\n<p>Jasotako komunikazioak bideratzeko, beharrezkoa izango da adierazitako egitateek gutxieneko, egiaztatutako eta arrazoizko zantzu batzuk izatea, lehenengo paragrafoan aipatutako ekintza edo ez-egiteetakoren bat egin dela egiaztatzeko.<\/p>\n<p>Informazioaren barne-kanalerako sarbidea esteka honen bidez egin daiteke:[\/vc_column_text]<div class=\"grve-empty-space grve-height-1x\"><\/div><div class=\"grve-element grve-align-inherit\"><a href=\"https:\/\/grupoimq.canaletico.app\" title=\"Canal \u00c9tico de Grupo IMQ\" target=\"_blank\" class=\"grve-btn grve-square grve-bg-primary-1 grve-border-primary-1 grve-bg-hover-black grve-border-hover-black grve-text-white grve-text-hover-white grve-btn-medium\">\r\n\t\t<span>Canal \u00c9tico de Grupo IMQ<\/span>\r\n\t\t\t\t\t\t\t<\/a><\/div>[\/vc_column][\/vc_row]<\/p>\n","protected":false},"excerpt":{"rendered":"<p>[vc_row padding_bottom_multiplier=&#8221;&#8221;][vc_column][\/vc_column][\/vc_row][vc_row][vc_column grve_css=&#8221;{&#8220;desktop&#8220;:{&#8220;padding-right&#8220;:&#8220;20%&#8220;,&#8220;class&#8220;:&#8220;grve-wpb-1689757658007&#8220;},&#8220;tablet_landscape&#8220;:{&#8220;padding-right&#8220;:&#8220;0&#8220;},&#8220;tablet_portrait&#8220;:{&#8220;padding-right&#8220;:&#8220;0&#8220;},&#8220;mobile_landscape&#8220;:{&#8220;padding-right&#8220;:&#8220;0&#8220;}}&#8221;][vc_column_text]Igualatorio M\u00e9dico Quir\u00fargico Prevenci\u00f3n-ek informaziorako barne-kanal bat ematen du laneko edo lanbideko testuinguru batean ezagututako edozein ekintza edo ez-egite jakinarazteko, baldin eta Kode Etikoak ezarritako jokabide profesionalaren printzipio [&hellip;]<\/p>\n","protected":false},"author":1,"featured_media":0,"parent":0,"menu_order":0,"comment_status":"closed","ping_status":"closed","template":"","meta":{"_price":"","_stock":"","_tribe_ticket_header":"","_tribe_default_ticket_provider":"","_tribe_ticket_capacity":"0","_ticket_start_date":"","_ticket_end_date":"","_tribe_ticket_show_description":"","_tribe_ticket_show_not_going":false,"_tribe_ticket_use_global_stock":"","_tribe_ticket_global_stock_level":"","_global_stock_mode":"","_global_stock_cap":"","_tribe_rsvp_for_event":"","_tribe_ticket_going_count":"","_tribe_ticket_not_going_count":"","_tribe_tickets_list":[],"_tribe_ticket_has_attendee_info_fields":false,"footnotes":""},"class_list":["post-18794","page","type-page","status-publish","hentry","grve-entry-item"],"acf":[],"yoast_head":"<!-- This site is optimized with the Yoast SEO plugin v20.4 - https:\/\/yoast.com\/wordpress\/plugins\/seo\/ -->\n<title>Informaziorako barne-kanala - IMQ Prevenci\u00f3n<\/title>\n<meta name=\"robots\" content=\"index, follow, max-snippet:-1, max-image-preview:large, max-video-preview:-1\" \/>\n<link rel=\"canonical\" href=\"https:\/\/imqprevencion.es\/eu\/informaziorako-barne-kanala\/\" \/>\n<meta property=\"og:locale\" content=\"eu_ES\" \/>\n<meta property=\"og:type\" content=\"article\" \/>\n<meta property=\"og:title\" content=\"Informaziorako barne-kanala - IMQ Prevenci\u00f3n\" \/>\n<meta property=\"og:description\" content=\"[vc_row padding_bottom_multiplier=&#8221;&#8221;][vc_column][\/vc_column][\/vc_row][vc_row][vc_column grve_css=&#8221;{&#8220;desktop&#8220;:{&#8220;padding-right&#8220;:&#8220;20%&#8220;,&#8220;class&#8220;:&#8220;grve-wpb-1689757658007&#8220;},&#8220;tablet_landscape&#8220;:{&#8220;padding-right&#8220;:&#8220;0&#8220;},&#8220;tablet_portrait&#8220;:{&#8220;padding-right&#8220;:&#8220;0&#8220;},&#8220;mobile_landscape&#8220;:{&#8220;padding-right&#8220;:&#8220;0&#8220;}}&#8221;][vc_column_text]Igualatorio M\u00e9dico Quir\u00fargico Prevenci\u00f3n-ek informaziorako barne-kanal bat ematen du laneko edo lanbideko testuinguru batean ezagututako edozein ekintza edo ez-egite jakinarazteko, baldin eta Kode Etikoak ezarritako jokabide profesionalaren printzipio [&hellip;]\" \/>\n<meta property=\"og:url\" content=\"https:\/\/imqprevencion.es\/eu\/informaziorako-barne-kanala\/\" \/>\n<meta property=\"og:site_name\" content=\"IMQ Prevenci\u00f3n\" \/>\n<meta property=\"article:modified_time\" content=\"2023-07-20T09:47:34+00:00\" \/>\n<meta property=\"og:image\" content=\"https:\/\/imqprevencion.es\/wp-content\/uploads\/2022\/05\/remi-walle-UOwvwZ9Dy6w-unsplash-scaled.jpg\" \/>\n\t<meta property=\"og:image:width\" content=\"2560\" \/>\n\t<meta property=\"og:image:height\" content=\"1696\" \/>\n\t<meta property=\"og:image:type\" content=\"image\/jpeg\" \/>\n<meta name=\"twitter:card\" content=\"summary_large_image\" \/>\n<meta name=\"twitter:label1\" content=\"Est. reading time\" \/>\n\t<meta name=\"twitter:data1\" content=\"1 minute\" \/>\n<script type=\"application\/ld+json\" class=\"yoast-schema-graph\">{\"@context\":\"https:\/\/schema.org\",\"@graph\":[{\"@type\":\"WebPage\",\"@id\":\"https:\/\/imqprevencion.es\/eu\/informaziorako-barne-kanala\/\",\"url\":\"https:\/\/imqprevencion.es\/eu\/informaziorako-barne-kanala\/\",\"name\":\"Informaziorako barne-kanala - IMQ Prevenci\u00f3n\",\"isPartOf\":{\"@id\":\"https:\/\/imqprevencion.es\/eu\/#website\"},\"datePublished\":\"2023-07-19T12:39:09+00:00\",\"dateModified\":\"2023-07-20T09:47:34+00:00\",\"breadcrumb\":{\"@id\":\"https:\/\/imqprevencion.es\/eu\/informaziorako-barne-kanala\/#breadcrumb\"},\"inLanguage\":\"eu-ES\",\"potentialAction\":[{\"@type\":\"ReadAction\",\"target\":[\"https:\/\/imqprevencion.es\/eu\/informaziorako-barne-kanala\/\"]}]},{\"@type\":\"BreadcrumbList\",\"@id\":\"https:\/\/imqprevencion.es\/eu\/informaziorako-barne-kanala\/#breadcrumb\",\"itemListElement\":[{\"@type\":\"ListItem\",\"position\":1,\"name\":\"Hasiera\",\"item\":\"https:\/\/imqprevencion.es\/eu\/\"},{\"@type\":\"ListItem\",\"position\":2,\"name\":\"Informaziorako barne-kanala\"}]},{\"@type\":\"WebSite\",\"@id\":\"https:\/\/imqprevencion.es\/eu\/#website\",\"url\":\"https:\/\/imqprevencion.es\/eu\/\",\"name\":\"IMQ Prevenci\u00f3n\",\"description\":\"Servicio de Prevenci\u00f3n de Riesgos Laborales\",\"publisher\":{\"@id\":\"https:\/\/imqprevencion.es\/eu\/#organization\"},\"potentialAction\":[{\"@type\":\"SearchAction\",\"target\":{\"@type\":\"EntryPoint\",\"urlTemplate\":\"https:\/\/imqprevencion.es\/eu\/?s={search_term_string}\"},\"query-input\":\"required name=search_term_string\"}],\"inLanguage\":\"eu-ES\"},{\"@type\":\"Organization\",\"@id\":\"https:\/\/imqprevencion.es\/eu\/#organization\",\"name\":\"IMQ Prevenci\u00f3n\",\"url\":\"https:\/\/imqprevencion.es\/eu\/\",\"logo\":{\"@type\":\"ImageObject\",\"inLanguage\":\"eu-ES\",\"@id\":\"https:\/\/imqprevencion.es\/eu\/#\/schema\/logo\/image\/\",\"url\":\"https:\/\/imqprevencion.es\/wp-content\/uploads\/2022\/05\/IMQ-Blue.svg\",\"contentUrl\":\"https:\/\/imqprevencion.es\/wp-content\/uploads\/2022\/05\/IMQ-Blue.svg\",\"width\":265,\"height\":32,\"caption\":\"IMQ Prevenci\u00f3n\"},\"image\":{\"@id\":\"https:\/\/imqprevencion.es\/eu\/#\/schema\/logo\/image\/\"}}]}<\/script>\n<!-- \/ Yoast SEO plugin. -->","yoast_head_json":{"title":"Informaziorako barne-kanala - IMQ Prevenci\u00f3n","robots":{"index":"index","follow":"follow","max-snippet":"max-snippet:-1","max-image-preview":"max-image-preview:large","max-video-preview":"max-video-preview:-1"},"canonical":"https:\/\/imqprevencion.es\/eu\/informaziorako-barne-kanala\/","og_locale":"eu_ES","og_type":"article","og_title":"Informaziorako barne-kanala - IMQ Prevenci\u00f3n","og_description":"[vc_row padding_bottom_multiplier=&#8221;&#8221;][vc_column][\/vc_column][\/vc_row][vc_row][vc_column grve_css=&#8221;{&#8220;desktop&#8220;:{&#8220;padding-right&#8220;:&#8220;20%&#8220;,&#8220;class&#8220;:&#8220;grve-wpb-1689757658007&#8220;},&#8220;tablet_landscape&#8220;:{&#8220;padding-right&#8220;:&#8220;0&#8220;},&#8220;tablet_portrait&#8220;:{&#8220;padding-right&#8220;:&#8220;0&#8220;},&#8220;mobile_landscape&#8220;:{&#8220;padding-right&#8220;:&#8220;0&#8220;}}&#8221;][vc_column_text]Igualatorio M\u00e9dico Quir\u00fargico Prevenci\u00f3n-ek informaziorako barne-kanal bat ematen du laneko edo lanbideko testuinguru batean ezagututako edozein ekintza edo ez-egite jakinarazteko, baldin eta Kode Etikoak ezarritako jokabide profesionalaren printzipio [&hellip;]","og_url":"https:\/\/imqprevencion.es\/eu\/informaziorako-barne-kanala\/","og_site_name":"IMQ Prevenci\u00f3n","article_modified_time":"2023-07-20T09:47:34+00:00","og_image":[{"width":2560,"height":1696,"url":"https:\/\/imqprevencion.es\/wp-content\/uploads\/2022\/05\/remi-walle-UOwvwZ9Dy6w-unsplash-scaled.jpg","type":"image\/jpeg"}],"twitter_card":"summary_large_image","twitter_misc":{"Est. reading time":"1 minute"},"schema":{"@context":"https:\/\/schema.org","@graph":[{"@type":"WebPage","@id":"https:\/\/imqprevencion.es\/eu\/informaziorako-barne-kanala\/","url":"https:\/\/imqprevencion.es\/eu\/informaziorako-barne-kanala\/","name":"Informaziorako barne-kanala - IMQ Prevenci\u00f3n","isPartOf":{"@id":"https:\/\/imqprevencion.es\/eu\/#website"},"datePublished":"2023-07-19T12:39:09+00:00","dateModified":"2023-07-20T09:47:34+00:00","breadcrumb":{"@id":"https:\/\/imqprevencion.es\/eu\/informaziorako-barne-kanala\/#breadcrumb"},"inLanguage":"eu-ES","potentialAction":[{"@type":"ReadAction","target":["https:\/\/imqprevencion.es\/eu\/informaziorako-barne-kanala\/"]}]},{"@type":"BreadcrumbList","@id":"https:\/\/imqprevencion.es\/eu\/informaziorako-barne-kanala\/#breadcrumb","itemListElement":[{"@type":"ListItem","position":1,"name":"Hasiera","item":"https:\/\/imqprevencion.es\/eu\/"},{"@type":"ListItem","position":2,"name":"Informaziorako barne-kanala"}]},{"@type":"WebSite","@id":"https:\/\/imqprevencion.es\/eu\/#website","url":"https:\/\/imqprevencion.es\/eu\/","name":"IMQ Prevenci\u00f3n","description":"Servicio de Prevenci\u00f3n de Riesgos Laborales","publisher":{"@id":"https:\/\/imqprevencion.es\/eu\/#organization"},"potentialAction":[{"@type":"SearchAction","target":{"@type":"EntryPoint","urlTemplate":"https:\/\/imqprevencion.es\/eu\/?s={search_term_string}"},"query-input":"required name=search_term_string"}],"inLanguage":"eu-ES"},{"@type":"Organization","@id":"https:\/\/imqprevencion.es\/eu\/#organization","name":"IMQ Prevenci\u00f3n","url":"https:\/\/imqprevencion.es\/eu\/","logo":{"@type":"ImageObject","inLanguage":"eu-ES","@id":"https:\/\/imqprevencion.es\/eu\/#\/schema\/logo\/image\/","url":"https:\/\/imqprevencion.es\/wp-content\/uploads\/2022\/05\/IMQ-Blue.svg","contentUrl":"https:\/\/imqprevencion.es\/wp-content\/uploads\/2022\/05\/IMQ-Blue.svg","width":265,"height":32,"caption":"IMQ Prevenci\u00f3n"},"image":{"@id":"https:\/\/imqprevencion.es\/eu\/#\/schema\/logo\/image\/"}}]}},"_links":{"self":[{"href":"https:\/\/imqprevencion.es\/eu\/wp-json\/wp\/v2\/pages\/18794","targetHints":{"allow":["GET"]}}],"collection":[{"href":"https:\/\/imqprevencion.es\/eu\/wp-json\/wp\/v2\/pages"}],"about":[{"href":"https:\/\/imqprevencion.es\/eu\/wp-json\/wp\/v2\/types\/page"}],"author":[{"embeddable":true,"href":"https:\/\/imqprevencion.es\/eu\/wp-json\/wp\/v2\/users\/1"}],"replies":[{"embeddable":true,"href":"https:\/\/imqprevencion.es\/eu\/wp-json\/wp\/v2\/comments?post=18794"}],"version-history":[{"count":2,"href":"https:\/\/imqprevencion.es\/eu\/wp-json\/wp\/v2\/pages\/18794\/revisions"}],"predecessor-version":[{"id":18798,"href":"https:\/\/imqprevencion.es\/eu\/wp-json\/wp\/v2\/pages\/18794\/revisions\/18798"}],"wp:attachment":[{"href":"https:\/\/imqprevencion.es\/eu\/wp-json\/wp\/v2\/media?parent=18794"}],"curies":[{"name":"wp","href":"https:\/\/api.w.org\/{rel}","templated":true}]}}